{"id":444,"date":"2022-12-22T18:24:16","date_gmt":"2022-12-22T15:24:16","guid":{"rendered":"https:\/\/seckinbasilgan.com\/?page_id=444"},"modified":"2024-08-13T12:27:50","modified_gmt":"2024-08-13T09:27:50","slug":"meniskus-ameliyati","status":"publish","type":"page","link":"https:\/\/seckinbasilgan.com\/ru\/%d1%85%d0%b8%d1%80%d1%83%d1%80%d0%b3%d0%b8%d1%8f-%d0%bc%d0%b5%d0%bd%d0%b8%d1%81%d0%ba%d0%b0\/","title":{"rendered":"\u0425\u0438\u0440\u0443\u0440\u0433\u0438\u044f \u043c\u0435\u043d\u0438\u0441\u043a\u0430"},"content":{"rendered":"<section class=\"wpb-content-wrapper\"><div class='one-page-section' data-id='home' data-label='Home'><\/div><div data-vc-full-width=\"true\" data-vc-full-width-init=\"false\" data-vc-stretch-content=\"true\" class=\"vc_row wpb_row vc_row-fluid tedavilerust vc_custom_1671715721858 vc_row-has-fill vc_row-no-padding\"><div class=\"wpb_column vc_column_container vc_col-sm-1\/5\"><div class=\"vc_column-inner\"><div class=\"wpb_wrapper\"><\/div><\/div><\/div><div class=\"wpb_column vc_column_container vc_col-sm-3\/5\"><div class=\"vc_column-inner\"><div class=\"wpb_wrapper\"><div class=\"vc_empty_space\"   style=\"height: 50px\"><span class=\"vc_empty_space_inner\"><\/span><\/div><h1 style=\"color: #ffffff;line-height: 1em;text-align: center\" class=\"vc_custom_heading font-weight-900 vc_custom_1723540555374\" >\u0425\u0438\u0440\u0443\u0440\u0433\u0438\u044f \u043c\u0435\u043d\u0438\u0441\u043a\u0430<\/h1><div class=\"vc_empty_space\"   style=\"height: 50px\"><span class=\"vc_empty_space_inner\"><\/span><\/div><\/div><\/div><\/div><div class=\"wpb_column vc_column_container vc_col-sm-1\/5\"><div class=\"vc_column-inner\"><div class=\"wpb_wrapper\"><\/div><\/div><\/div><\/div><div class=\"vc_row-full-width vc_clearfix\"><\/div><div class=\"vc_row wpb_row vc_row-fluid\"><div class=\"tedavilersag wpb_column vc_column_container vc_col-sm-8\"><div class=\"vc_column-inner\"><div class=\"wpb_wrapper\">\n\t<div  class=\"wpb_single_image wpb_content_element vc_align_left\">\n\t\t\n\t\t<figure class=\"wpb_wrapper vc_figure\">\n\t\t\t<div class=\"vc_single_image-wrapper   vc_box_border_grey\"><img loading=\"lazy\" decoding=\"async\" width=\"770\" height=\"400\" src=\"https:\/\/seckinbasilgan.com\/wp-content\/uploads\/2024\/08\/Meniskus-Ameliyati-1.jpg\" class=\"vc_single_image-img attachment-full\" alt=\"\u0425\u0438\u0440\u0443\u0440\u0433\u0438\u044f \u043c\u0435\u043d\u0438\u0441\u043a\u0430\" title=\"\u0425\u0438\u0440\u0443\u0440\u0433\u0438\u044f \u043c\u0435\u043d\u0438\u0441\u043a\u0430\" srcset=\"https:\/\/seckinbasilgan.com\/wp-content\/uploads\/2024\/08\/Meniskus-Ameliyati-1.jpg 770w, https:\/\/seckinbasilgan.com\/wp-content\/uploads\/2024\/08\/Meniskus-Ameliyati-1-300x156.jpg 300w, https:\/\/seckinbasilgan.com\/wp-content\/uploads\/2024\/08\/Meniskus-Ameliyati-1-768x399.jpg 768w, https:\/\/seckinbasilgan.com\/wp-content\/uploads\/2024\/08\/Meniskus-Ameliyati-1-18x9.jpg 18w\" sizes=\"auto, (max-width: 770px) 100vw, 770px\" \/><\/div>\n\t\t<\/figure>\n\t<\/div>\n<div  class=\"vc_wp_text wpb_content_element tedaviler-icerik-text\"><div class=\"widget widget_text\">\t\t\t<div class=\"textwidget\"><p>\u042d\u0442\u043e \u043f\u0440\u043e\u0446\u0435\u0441\u0441 \u0432\u043e\u0441\u0441\u0442\u0430\u043d\u043e\u0432\u043b\u0435\u043d\u0438\u044f \u0438\u043b\u0438 \u0443\u0434\u0430\u043b\u0435\u043d\u0438\u044f \u0442\u043a\u0430\u043d\u0438 \u043c\u0435\u043d\u0438\u0441\u043a\u0430 \u043a\u043e\u043b\u0435\u043d\u043d\u043e\u0433\u043e \u0441\u0443\u0441\u0442\u0430\u0432\u0430. \u041c\u0435\u043d\u0438\u0441\u043a\u0438 \u2013 \u044d\u0442\u043e \u0434\u0432\u0435 \u043c\u044f\u0433\u043a\u0438\u0435 \u0442\u043a\u0430\u043d\u0438, \u0440\u0430\u0441\u043f\u043e\u043b\u043e\u0436\u0435\u043d\u043d\u044b\u0435 \u0432 \u043a\u043e\u043b\u0435\u043d\u043d\u043e\u043c \u0441\u0443\u0441\u0442\u0430\u0432\u0435 \u0438 \u0440\u0435\u0433\u0443\u043b\u0438\u0440\u0443\u044e\u0449\u0438\u0435 \u0434\u0432\u0438\u0436\u0435\u043d\u0438\u044f \u0441\u0443\u0441\u0442\u0430\u0432\u0430 \u0438 \u0437\u0430\u0449\u0438\u0449\u0430\u044e\u0449\u0438\u0435 \u043a\u043e\u043b\u0435\u043d\u043d\u044b\u0439 \u0441\u0443\u0441\u0442\u0430\u0432 \u0432\u043e \u0432\u0440\u0435\u043c\u044f \u0434\u0432\u0438\u0436\u0435\u043d\u0438\u0439. <strong>\u0445\u0438\u0440\u0443\u0440\u0433\u0438\u044f \u043c\u0435\u043d\u0438\u0441\u043a\u0430<\/strong> \u043e\u0431\u043b\u0435\u0433\u0447\u0435\u043d\u0438\u0435 \u0441\u0438\u043c\u043f\u0442\u043e\u043c\u043e\u0432, \u0447\u0430\u0441\u0442\u043e \u0432\u044b\u0437\u044b\u0432\u0430\u0435\u043c\u044b\u0445 \u0431\u043e\u043b\u044c\u044e \u0432 \u043a\u043e\u043b\u0435\u043d\u0435, \u0442\u0430\u043a\u0438\u0445 \u043a\u0430\u043a \u0431\u043e\u043b\u044c, \u043e\u0442\u0435\u043a \u0438 \u043e\u0433\u0440\u0430\u043d\u0438\u0447\u0435\u043d\u043d\u043e\u0441\u0442\u044c \u0434\u0432\u0438\u0436\u0435\u043d\u0438\u0439.<\/p>\n<h2>\u0421\u0438\u043c\u043f\u0442\u043e\u043c\u044b \u043e\u043f\u0435\u0440\u0430\u0446\u0438\u0438 \u043d\u0430 \u043c\u0435\u043d\u0438\u0441\u043a\u0435<\/h2>\n<p><img loading=\"lazy\" decoding=\"async\" class=\"size-full wp-image-2803 alignright\" src=\"https:\/\/seckinbasilgan.com\/wp-content\/uploads\/2024\/08\/Meniskus-tedavisi.jpg\" alt=\"\u043b\u0435\u0447\u0435\u043d\u0438\u0435 \u043c\u0435\u043d\u0438\u0441\u043a\u0430\" width=\"450\" height=\"310\" title=\"\" srcset=\"https:\/\/seckinbasilgan.com\/wp-content\/uploads\/2024\/08\/Meniskus-tedavisi.jpg 450w, https:\/\/seckinbasilgan.com\/wp-content\/uploads\/2024\/08\/Meniskus-tedavisi-300x207.jpg 300w, https:\/\/seckinbasilgan.com\/wp-content\/uploads\/2024\/08\/Meniskus-tedavisi-18x12.jpg 18w\" sizes=\"auto, (max-width: 450px) 100vw, 450px\" \/>\u042d\u0442\u043e \u0445\u0438\u0440\u0443\u0440\u0433\u0438\u0447\u0435\u0441\u043a\u0430\u044f \u043f\u0440\u043e\u0446\u0435\u0434\u0443\u0440\u0430, \u0432\u044b\u043f\u043e\u043b\u043d\u044f\u0435\u043c\u0430\u044f \u0438\u0437-\u0437\u0430 \u0440\u0430\u0437\u0440\u044b\u0432\u0430 \u0445\u0440\u044f\u0449\u0435\u0432\u043e\u0439 \u0442\u043a\u0430\u043d\u0438, \u043d\u0430\u0437\u044b\u0432\u0430\u0435\u043c\u043e\u0439 \u043c\u0435\u043d\u0438\u0441\u043a\u043e\u043c.<br \/>\n\u0411\u043e\u043b\u044c: \u0411\u043e\u043b\u044c, \u0432\u044b\u0437\u0432\u0430\u043d\u043d\u0430\u044f \u0440\u0430\u0437\u0440\u044b\u0432\u043e\u043c \u0438\u043b\u0438 \u043f\u043e\u0432\u0440\u0435\u0436\u0434\u0435\u043d\u0438\u0435\u043c \u0441\u0443\u0441\u0442\u0430\u0432\u043d\u043e\u0439 \u043f\u043e\u0434\u0443\u0448\u043a\u0438, \u043e\u0431\u044b\u0447\u043d\u043e \u043a\u043e\u043d\u0446\u0435\u043d\u0442\u0440\u0438\u0440\u0443\u0435\u0442\u0441\u044f \u0432 \u0441\u0443\u0441\u0442\u0430\u0432\u0435 \u0438 \u0443\u0441\u0438\u043b\u0438\u0432\u0430\u0435\u0442\u0441\u044f \u0432\u043e \u0432\u0440\u0435\u043c\u044f \u0434\u0432\u0438\u0436\u0435\u043d\u0438\u0439.<\/p>\n<p>&nbsp;<\/p>\n<p>&nbsp;<\/p>\n<h3>\u0412\u0438\u0434\u044b \u0445\u0438\u0440\u0443\u0440\u0433\u0438\u0438 \u043c\u0435\u043d\u0438\u0441\u043a\u0430<\/h3>\n<p>\u042d\u0442\u043e \u0445\u0438\u0440\u0443\u0440\u0433\u0438\u0447\u0435\u0441\u043a\u0430\u044f \u043f\u0440\u043e\u0446\u0435\u0434\u0443\u0440\u0430, \u0432\u044b\u043f\u043e\u043b\u043d\u044f\u0435\u043c\u0430\u044f \u0434\u043b\u044f \u0432\u043e\u0441\u0441\u0442\u0430\u043d\u043e\u0432\u043b\u0435\u043d\u0438\u044f \u0438\u043b\u0438 \u0443\u0434\u0430\u043b\u0435\u043d\u0438\u044f \u043c\u0435\u043d\u0438\u0441\u043a\u043e\u0432, \u043a\u043e\u0442\u043e\u0440\u044b\u0435 \u043f\u0440\u0435\u0434\u0441\u0442\u0430\u0432\u043b\u044f\u044e\u0442 \u0441\u043e\u0431\u043e\u0439 \u0447\u0430\u0441\u0442\u0438 \u043c\u044f\u0433\u043a\u0438\u0445 \u0442\u043a\u0430\u043d\u0435\u0439 \u043a\u043e\u043b\u0435\u043d\u043d\u043e\u0433\u043e \u0441\u0443\u0441\u0442\u0430\u0432\u0430. \u041e\u0431\u044b\u0447\u043d\u043e \u0435\u0435 \u0432\u044b\u043f\u043e\u043b\u043d\u044f\u044e\u0442 \u043b\u044e\u0434\u044f\u043c \u0441 \u0442\u0430\u043a\u0438\u043c\u0438 \u0441\u0438\u043c\u043f\u0442\u043e\u043c\u0430\u043c\u0438, \u043a\u0430\u043a \u0431\u043e\u043b\u044c \u0432 \u043a\u043e\u043b\u0435\u043d\u0435, \u0441\u0442\u0435\u0441\u043d\u0435\u043d\u0438\u0435 \u0438\u043b\u0438 \u0437\u0430\u043a\u0443\u043f\u043e\u0440\u043a\u0430.<br \/>\n<strong>\u0445\u0438\u0440\u0443\u0440\u0433\u0438\u044f \u043c\u0435\u043d\u0438\u0441\u043a\u0430<\/strong> \u042d\u0442\u043e \u043c\u043e\u0436\u043d\u043e \u0441\u0434\u0435\u043b\u0430\u0442\u044c \u043d\u0435\u0441\u043a\u043e\u043b\u044c\u043a\u0438\u043c\u0438 \u0440\u0430\u0437\u043b\u0438\u0447\u043d\u044b\u043c\u0438 \u043c\u0435\u0442\u043e\u0434\u0430\u043c\u0438, \u0438 \u043a\u0430\u043a\u043e\u0439 \u0438\u0437 \u043d\u0438\u0445 \u043f\u0440\u0438\u043c\u0435\u043d\u044f\u0435\u0442\u0441\u044f, \u043c\u043e\u0436\u0435\u0442 \u0432\u0430\u0440\u044c\u0438\u0440\u043e\u0432\u0430\u0442\u044c\u0441\u044f \u0432 \u0437\u0430\u0432\u0438\u0441\u0438\u043c\u043e\u0441\u0442\u0438 \u043e\u0442 \u0441\u043e\u0441\u0442\u043e\u044f\u043d\u0438\u044f \u043f\u0430\u0446\u0438\u0435\u043d\u0442\u0430.<\/p>\n<p>\u0412 \u0445\u043e\u0434\u0435 \u043e\u043f\u0435\u0440\u0430\u0446\u0438\u0438 \u043f\u0440\u0435\u0434\u043f\u0440\u0438\u043d\u0438\u043c\u0430\u0435\u0442\u0441\u044f \u043f\u043e\u043f\u044b\u0442\u043a\u0430 \u0432\u043e\u0441\u0441\u0442\u0430\u043d\u043e\u0432\u0438\u0442\u044c \u043f\u043e\u0432\u0440\u0435\u0436\u0434\u0435\u043d\u0438\u0435 \u043c\u0435\u043d\u0438\u0441\u043a\u0430 \u0438 \u0432\u0435\u0440\u043d\u0443\u0442\u044c \u043a\u043e\u043b\u0435\u043d\u043d\u043e\u043c\u0443 \u0441\u0443\u0441\u0442\u0430\u0432\u0443 \u043d\u043e\u0440\u043c\u0430\u043b\u044c\u043d\u043e\u0435 \u0434\u0432\u0438\u0436\u0435\u043d\u0438\u0435. \u041c\u0435\u043d\u0438\u0441\u043a \u0443\u0434\u0430\u043b\u044f\u044e\u0442 \u0438 \u0443\u0434\u0430\u043b\u044f\u044e\u0442 \u043f\u043e\u043b\u043d\u043e\u0441\u0442\u044c\u044e, \u043d\u0435 \u043e\u0441\u0442\u0430\u0432\u043b\u044f\u044f \u0441\u0442\u0440\u0443\u043a\u0442\u0443\u0440, \u043e\u0433\u0440\u0430\u043d\u0438\u0447\u0438\u0432\u0430\u044e\u0449\u0438\u0445 \u0434\u0432\u0438\u0436\u0435\u043d\u0438\u0435 \u043a\u043e\u043b\u0435\u043d\u043d\u043e\u0433\u043e \u0441\u0443\u0441\u0442\u0430\u0432\u0430.<\/p>\n<h4>\u0412\u0440\u0435\u043c\u044f \u0432\u043e\u0441\u0441\u0442\u0430\u043d\u043e\u0432\u043b\u0435\u043d\u0438\u044f \u043f\u043e\u0441\u043b\u0435 \u043e\u043f\u0435\u0440\u0430\u0446\u0438\u0438 \u043d\u0430 \u043c\u0435\u043d\u0438\u0441\u043a\u0435<\/h4>\n<p><img loading=\"lazy\" decoding=\"async\" class=\"size-full wp-image-2804 alignleft\" src=\"https:\/\/seckinbasilgan.com\/wp-content\/uploads\/2024\/08\/Meniskus-Ameliyati-iyilesme-sureci.jpg\" alt=\"Menisk\u00fcs Ameliyat\u0131 iyile\u015fme s\u00fcreci\" width=\"450\" height=\"310\" title=\"\" srcset=\"https:\/\/seckinbasilgan.com\/wp-content\/uploads\/2024\/08\/Meniskus-Ameliyati-iyilesme-sureci.jpg 450w, https:\/\/seckinbasilgan.com\/wp-content\/uploads\/2024\/08\/Meniskus-Ameliyati-iyilesme-sureci-300x207.jpg 300w, https:\/\/seckinbasilgan.com\/wp-content\/uploads\/2024\/08\/Meniskus-Ameliyati-iyilesme-sureci-18x12.jpg 18w\" sizes=\"auto, (max-width: 450px) 100vw, 450px\" \/>\u042d\u0442\u043e \u043f\u0440\u043e\u0446\u0435\u0441\u0441 \u0443\u0434\u0430\u043b\u0435\u043d\u0438\u044f \u0438\u043b\u0438 \u0443\u0434\u0430\u043b\u0435\u043d\u0438\u044f \u043c\u044f\u0433\u043a\u0438\u0445 \u0442\u043a\u0430\u043d\u0435\u0439 (\u043c\u0435\u043d\u0438\u0441\u043a\u043e\u0432) \u0441 \u043e\u0431\u0435\u0438\u0445 \u0441\u0442\u043e\u0440\u043e\u043d \u043a\u043e\u043b\u0435\u043d\u043d\u044b\u0445 \u0441\u0443\u0441\u0442\u0430\u0432\u043e\u0432. \u042d\u0442\u0430 \u043f\u0440\u043e\u0446\u0435\u0434\u0443\u0440\u0430 \u043d\u0430\u043f\u0440\u0430\u0432\u043b\u0435\u043d\u0430 \u043d\u0430 \u0443\u0441\u0442\u0440\u0430\u043d\u0435\u043d\u0438\u0435 \u0442\u0430\u043a\u0438\u0445 \u043e\u0442\u044f\u0433\u043e\u0449\u0435\u043d\u0438\u0439, \u043a\u0430\u043a \u0431\u043e\u043b\u044c \u0432 \u043a\u043e\u043b\u0435\u043d\u044f\u0445 \u0438 \u043e\u0433\u0440\u0430\u043d\u0438\u0447\u0435\u043d\u0438\u0435 \u043f\u043e\u0434\u0432\u0438\u0436\u043d\u043e\u0441\u0442\u0438. \u041e\u0434\u043d\u0430\u043a\u043e <strong>\u0445\u0438\u0440\u0443\u0440\u0433\u0438\u044f \u043c\u0435\u043d\u0438\u0441\u043a\u0430<\/strong> \u042d\u0442\u043e \u0445\u0438\u0440\u0443\u0440\u0433\u0438\u0447\u0435\u0441\u043a\u0430\u044f \u043f\u0440\u043e\u0446\u0435\u0434\u0443\u0440\u0430, \u043f\u043e\u044d\u0442\u043e\u043c\u0443 \u043f\u0440\u043e\u0446\u0435\u0441\u0441 \u0432\u043e\u0441\u0441\u0442\u0430\u043d\u043e\u0432\u043b\u0435\u043d\u0438\u044f \u0437\u0430\u043d\u0438\u043c\u0430\u0435\u0442 \u043d\u0435\u0441\u043a\u043e\u043b\u044c\u043a\u043e \u043d\u0435\u0434\u0435\u043b\u044c \u0438\u043b\u0438 \u043c\u0435\u0441\u044f\u0446\u0435\u0432.<\/p>\n<\/div>\n\t\t<\/div><\/div><\/div><\/div><\/div><div class=\"tedavilersol wpb_column vc_column_container vc_col-sm-4\"><div class=\"vc_column-inner\"><div class=\"wpb_wrapper\"><div  class=\"wpb_widgetised_column wpb_content_element\">\n\t\t<div class=\"wpb_wrapper\">\n\t\t\t\n\t\t\t<div id=\"nav_menu-2\" class=\"widget widget_nav_menu\"><h3 class=\"widget-title\">T\u00fcm Tedaviler<\/h3><div class=\"menu-tedaviler-container\"><ul id=\"menu-tedaviler\" class=\"menu\"><li id=\"menu-item-455\" class=\"menu-item menu-item-type-post_type menu-item-object-page menu-item-455\"><a href=\"https:\/\/seckinbasilgan.com\/ru\/%d0%bf%d1%80%d0%be%d1%82%d0%b5%d0%b7-%d0%b1%d0%b5%d0%b4%d1%80%d0%b0\/\">\u041f\u0440\u043e\u0442\u0435\u0437 \u0431\u0435\u0434\u0440\u0430<\/a><\/li>\n<li id=\"menu-item-456\" class=\"menu-item menu-item-type-post_type menu-item-object-page menu-item-456\"><a href=\"https:\/\/seckinbasilgan.com\/ru\/%d1%80%d0%be%d0%b1%d0%be%d1%82%d0%b8%d0%b7%d0%b8%d1%80%d0%be%d0%b2%d0%b0%d0%bd%d0%bd%d1%8b%d0%b9-%d0%bf%d1%80%d0%be%d1%82%d0%b5%d0%b7-%d0%b1%d0%b5%d0%b4%d1%80%d0%b0\/\">\u0420\u043e\u0431\u043e\u0442\u0438\u0437\u0438\u0440\u043e\u0432\u0430\u043d\u043d\u044b\u0439 \u043f\u0440\u043e\u0442\u0435\u0437 \u0431\u0435\u0434\u0440\u0430<\/a><\/li>\n<li id=\"menu-item-457\" class=\"menu-item menu-item-type-post_type menu-item-object-page menu-item-457\"><a href=\"https:\/\/seckinbasilgan.com\/ru\/%d1%8d%d0%bd%d0%b4%d0%be%d0%bf%d1%80%d0%be%d1%82%d0%b5%d0%b7%d0%b8%d1%80%d0%be%d0%b2%d0%b0%d0%bd%d0%b8%d0%b5-%d0%ba%d0%be%d0%bb%d0%b5%d0%bd%d0%bd%d0%be%d0%b3%d0%be-%d1%81%d1%83%d1%81%d1%82%d0%b0%d0%b2\/\">\u042d\u043d\u0434\u043e\u043f\u0440\u043e\u0442\u0435\u0437\u0438\u0440\u043e\u0432\u0430\u043d\u0438\u0435 \u043a\u043e\u043b\u0435\u043d\u043d\u043e\u0433\u043e \u0441\u0443\u0441\u0442\u0430\u0432\u0430<\/a><\/li>\n<li id=\"menu-item-458\" class=\"menu-item menu-item-type-post_type menu-item-object-page menu-item-458\"><a href=\"https:\/\/seckinbasilgan.com\/ru\/%d1%80%d0%be%d0%b1%d0%be%d1%82%d0%b8%d0%b7%d0%b8%d1%80%d0%be%d0%b2%d0%b0%d0%bd%d0%bd%d1%8b%d0%b9-%d0%ba%d0%be%d0%bb%d0%b5%d0%bd%d0%bd%d1%8b%d0%b9-%d0%bf%d1%80%d0%be%d1%82%d0%b5%d0%b7\/\">\u0420\u043e\u0431\u043e\u0442\u0438\u0437\u0438\u0440\u043e\u0432\u0430\u043d\u043d\u044b\u0439 \u043a\u043e\u043b\u0435\u043d\u043d\u044b\u0439 \u043f\u0440\u043e\u0442\u0435\u0437<\/a><\/li>\n<li id=\"menu-item-459\" class=\"menu-item menu-item-type-post_type menu-item-object-page menu-item-459\"><a href=\"https:\/\/seckinbasilgan.com\/ru\/%d0%b0%d1%80%d1%82%d1%80%d0%b8%d1%82-%d1%82%d0%b0%d0%b7%d0%be%d0%b1%d0%b5%d0%b4%d1%80%d0%b5%d0%bd%d0%bd%d0%be%d0%b3%d0%be-%d1%81%d1%83%d1%81%d1%82%d0%b0%d0%b2%d0%b0\/\">\u041a\u0430\u043b\u044c\u0446\u0438\u0444\u0438\u043a\u0430\u0446\u0438\u044f \u0431\u0435\u0434\u0440\u0430<\/a><\/li>\n<li id=\"menu-item-460\" class=\"menu-item menu-item-type-post_type menu-item-object-page menu-item-460\"><a href=\"https:\/\/seckinbasilgan.com\/ru\/%d1%85%d0%b8%d1%80%d1%83%d1%80%d0%b3%d0%b8%d1%8f-%d0%bc%d0%b5%d0%bd%d0%b8%d1%81%d0%ba%d0%b0\/\">\u0425\u0438\u0440\u0443\u0440\u0433\u0438\u044f \u043c\u0435\u043d\u0438\u0441\u043a\u0430<\/a><\/li>\n<li id=\"menu-item-461\" class=\"menu-item menu-item-type-post_type menu-item-object-page menu-item-461\"><a href=\"https:\/\/seckinbasilgan.com\/ru\/%d0%be%d1%81%d1%82%d0%b5%d0%be%d0%ba%d0%bb%d0%b0%d0%b7\/\">\u041e\u0441\u0442\u0435\u043e\u043a\u043b\u0430\u0437<\/a><\/li>\n<li id=\"menu-item-462\" class=\"menu-item menu-item-type-post_type menu-item-object-page menu-item-462\"><a href=\"https:\/\/seckinbasilgan.com\/ru\/%d1%81%d0%bb%d0%be%d0%bc%d0%b0%d0%bd%d0%bd%d1%8b%d0%b9-%d0%b2%d1%8b%d0%b2%d0%b8%d1%85\/\">\u041f\u0435\u0440\u0435\u043b\u043e\u043c \u0438 \u0432\u044b\u0432\u0438\u0445<\/a><\/li>\n<li id=\"menu-item-464\" class=\"menu-item menu-item-type-post_type menu-item-object-page menu-item-464\"><a href=\"https:\/\/seckinbasilgan.com\/ru\/%d0%b1%d0%be%d0%bb%d0%b5%d0%b7%d0%bd%d0%b8-%d0%bf%d0%bb%d0%b5%d1%87%d0%b0\/\">\u0417\u0430\u0431\u043e\u043b\u0435\u0432\u0430\u043d\u0438\u044f \u043f\u043b\u0435\u0447\u0430<\/a><\/li>\n<li id=\"menu-item-463\" class=\"menu-item menu-item-type-post_type menu-item-object-page menu-item-463\"><a href=\"https:\/\/seckinbasilgan.com\/ru\/%d0%be%d1%81%d1%82%d0%b5%d0%be%d0%b0%d1%80%d1%82%d1%80%d0%b8%d1%82-%d0%ba%d0%be%d0%bb%d0%b5%d0%bd%d0%bd%d0%be%d0%b3%d0%be-%d1%81%d1%83%d1%81%d1%82%d0%b0%d0%b2%d0%b0\/\">\u041a\u0430\u043b\u044c\u0446\u0438\u0444\u0438\u043a\u0430\u0446\u0438\u044f \u043a\u043e\u043b\u0435\u043d\u043d\u043e\u0433\u043e \u0441\u0443\u0441\u0442\u0430\u0432\u0430<\/a><\/li>\n<\/ul><\/div><\/div><div id=\"text-2\" class=\"widget widget_text\"><h3 class=\"widget-title\">Bilgi ve Randevu Formu<\/h3>\t\t\t<div class=\"textwidget\">\n<div class=\"wpcf7 no-js\" id=\"wpcf7-f379-o1\" lang=\"en-US\" dir=\"ltr\" data-wpcf7-id=\"379\">\n<div class=\"screen-reader-response\"><p role=\"status\" aria-live=\"polite\" aria-atomic=\"true\"><\/p> <ul><\/ul><\/div>\n<form action=\"\/ru\/wp-json\/wp\/v2\/pages\/444#wpcf7-f379-o1\" method=\"post\" class=\"wpcf7-form init\" aria-label=\"\u0424\u043e\u0440\u043c\u0430 \u043e\u0431\u0440\u0430\u0442\u043d\u043e\u0439 \u0441\u0432\u044f\u0437\u0438\" novalidate=\"novalidate\" data-status=\"init\" data-trp-original-action=\"\/ru\/wp-json\/wp\/v2\/pages\/444#wpcf7-f379-o1\">\n<fieldset class=\"hidden-fields-container\"><input type=\"hidden\" name=\"_wpcf7\" value=\"379\" \/><input type=\"hidden\" name=\"_wpcf7_version\" value=\"6.1.5\" \/><input type=\"hidden\" name=\"_wpcf7_locale\" value=\"en_US\" \/><input type=\"hidden\" name=\"_wpcf7_unit_tag\" value=\"wpcf7-f379-o1\" \/><input type=\"hidden\" name=\"_wpcf7_container_post\" value=\"0\" \/><input type=\"hidden\" name=\"_wpcf7_posted_data_hash\" value=\"\" \/>\n<\/fieldset>\n<div class='contact-us'>\n\t<div class='row'>\n\t\t<div class='col-md-12 col-sm-12'>\n\t\t\t<p><span class=\"wpcf7-form-control-wrap\" data-name=\"isim\"><input size=\"40\" maxlength=\"400\" class=\"wpcf7-form-control wpcf7-text wpcf7-validates-as-required\" aria-required=\"true\" aria-invalid=\"false\" placeholder=\"\u0418\u043c\u044f \u0424\u0430\u043c\u0438\u043b\u0438\u044f\" value=\"\" type=\"text\" name=\"isim\" \/><\/span>\n\t\t\t<\/p>\n\t\t<\/div>\n\t\t<div class='col-md-12 col-sm-12'>\n\t\t\t<p><span class=\"wpcf7-form-control-wrap\" data-name=\"eposta\"><input size=\"40\" maxlength=\"400\" class=\"wpcf7-form-control wpcf7-text wpcf7-validates-as-required\" aria-required=\"true\" aria-invalid=\"false\" placeholder=\"\u042d\u043b\u0435\u043a\u0442\u0440\u043e\u043d\u043d\u0430\u044f \u043f\u043e\u0447\u0442\u0430\" value=\"\" type=\"text\" name=\"eposta\" \/><\/span>\n\t\t\t<\/p>\n\t\t<\/div>\n\t\t<div class='col-md-12 col-sm-12'>\n\t\t\t<p><span class=\"wpcf7-form-control-wrap\" data-name=\"your-subject\"><input size=\"40\" maxlength=\"400\" class=\"wpcf7-form-control wpcf7-text wpcf7-validates-as-required\" aria-required=\"true\" aria-invalid=\"false\" placeholder=\"\u041f\u0440\u0435\u0434\u043c\u0435\u0442\" value=\"\" type=\"text\" name=\"your-subject\" \/><\/span>\n\t\t\t<\/p>\n\t\t<\/div>\n\t\t<div class='col-md-12 col-sm-12'>\n\t\t\t<p><span class=\"wpcf7-form-control-wrap\" data-name=\"telefon\"><input size=\"40\" maxlength=\"400\" class=\"wpcf7-form-control wpcf7-text wpcf7-validates-as-required\" aria-required=\"true\" aria-invalid=\"false\" placeholder=\"\u0442\u0435\u043b\u0435\u0444\u043e\u043d\" value=\"\" type=\"text\" name=\"telefon\" \/><\/span>\n\t\t\t<\/p>\n\t\t<\/div>\n\t\t<div class='col-md-12 col-sm-12'>\n\t\t\t<p><span class=\"wpcf7-form-control-wrap\" data-name=\"mesaj\"><textarea cols=\"40\" rows=\"10\" maxlength=\"2000\" class=\"wpcf7-form-control wpcf7-textarea\" aria-invalid=\"false\" placeholder=\"\u0421\u043e\u043e\u0431\u0449\u0435\u043d\u0438\u0435\" name=\"mesaj\"><\/textarea><\/span>\n\t\t\t<\/p>\n\t\t<\/div>\n\t\t<div class='col-md-12 col-sm-12'>\n\t\t\t<p><span class=\"wpcf7-form-control-wrap\" data-name=\"hcap-cf7\">\t\t<input\n\t\t\t\ttype=\"hidden\"\n\t\t\t\tclass=\"hcaptcha-widget-id\"\n\t\t\t\tname=\"hcaptcha-widget-id\"\n\t\t\t\tvalue=\"eyJzb3VyY2UiOlsiY29udGFjdC1mb3JtLTdcL3dwLWNvbnRhY3QtZm9ybS03LnBocCJdLCJmb3JtX2lkIjozNzl9-c2a978923c18c44aceb0c99428f0350f\">\n\t\t\t\t<span id=\"hcap_cf7-69e2004c82ea69.18333976\" class=\"wpcf7-form-control h-captcha\"\n\t\t\tdata-sitekey=\"2844963e-d3e5-4439-ae8e-c326baed8273\"\n\t\t\tdata-theme=\"light\"\n\t\t\tdata-size=\"normal\"\n\t\t\tdata-auto=\"false\"\n\t\t\tdata-ajax=\"false\"\n\t\t\tdata-force=\"false\">\n\t\t<\/span>\n\t\t<input type=\"hidden\" id=\"_wpnonce\" name=\"_wpnonce\" value=\"6736f8f0cb\" \/><input type=\"hidden\" name=\"_wp_http_referer\" value=\"\/ru\/wp-json\/wp\/v2\/pages\/444\" \/><\/span><input class=\"wpcf7-form-control wpcf7-submit has-spinner\" type=\"submit\" value=\"\u041e\u0422\u041f\u0420\u0410\u0412\u041b\u042f\u0422\u042c\" \/>\n\t\t\t<\/p>\n\t\t<\/div>\n\t<\/div>\n<\/div><div class=\"wpcf7-response-output\" aria-hidden=\"true\"><\/div>\n<input type=\"hidden\" name=\"trp-form-language\" value=\"ru\"\/><\/form>\n<\/div>\n\n<\/div>\n\t\t<\/div>\n\t\t<\/div>\n\t<\/div>\n<\/div><\/div><\/div><\/div><div class=\"vc_row wpb_row vc_row-fluid\"><div class=\"wpb_column vc_column_container vc_col-sm-12\"><div class=\"vc_column-inner\"><div class=\"wpb_wrapper\">\n\t<div class=\"wpb_raw_code wpb_content_element wpb_raw_html\" >\n\t\t<div class=\"wpb_wrapper\">\n\t\t\t<style>\nbody.no-content-padding .blog-section{padding-top:99px !important;}\n<\/style>\n\t\t<\/div>\n\t<\/div>\n<\/div><\/div><\/div><\/div>\n<\/section>","protected":false},"excerpt":{"rendered":"<p>\u0425\u0438\u0440\u0443\u0440\u0433\u0438\u044f \u043c\u0435\u043d\u0438\u0441\u043a\u0430<\/p>\n<p>\u042d\u0442\u043e \u043f\u0440\u043e\u0446\u0435\u0441\u0441 \u0432\u043e\u0441\u0441\u0442\u0430\u043d\u043e\u0432\u043b\u0435\u043d\u0438\u044f \u0438\u043b\u0438 \u0443\u0434\u0430\u043b\u0435\u043d\u0438\u044f \u0442\u043a\u0430\u043d\u0438 \u043c\u0435\u043d\u0438\u0441\u043a\u0430 \u043a\u043e\u043b\u0435\u043d\u043d\u043e\u0433\u043e \u0441\u0443\u0441\u0442\u0430\u0432\u0430. \u041c\u0435\u043d\u0438\u0441\u043a\u0438 \u2013 \u044d\u0442\u043e \u0434\u0432\u0435 \u043c\u044f\u0433\u043a\u0438\u0435 \u0442\u043a\u0430\u043d\u0438, \u0440\u0430\u0441\u043f\u043e\u043b\u043e\u0436\u0435\u043d\u043d\u044b\u0435 \u0432 \u043a\u043e\u043b\u0435\u043d\u043d\u043e\u043c \u0441\u0443\u0441\u0442\u0430\u0432\u0435 \u0438 \u0440\u0435\u0433\u0443\u043b\u0438\u0440\u0443\u044e\u0449\u0438\u0435 \u0434\u0432\u0438\u0436\u0435\u043d\u0438\u044f \u0441\u0443\u0441\u0442\u0430\u0432\u0430 \u0438 \u0437\u0430\u0449\u0438\u0449\u0430\u044e\u0449\u0438\u0435 \u043a\u043e\u043b\u0435\u043d\u043d\u044b\u0439 \u0441\u0443\u0441\u0442\u0430\u0432 \u0432\u043e \u0432\u0440\u0435\u043c\u044f \u0434\u0432\u0438\u0436\u0435\u043d\u0438\u0439. \u041e\u043f\u0435\u0440\u0430\u0446\u0438\u044f \u043d\u0430 \u043c\u0435\u043d\u0438\u0441\u043a\u0435 \u043e\u0431\u044b\u0447\u043d\u043e \u043f\u0440\u043e\u0432\u043e\u0434\u0438\u0442\u0441\u044f \u0434\u043b\u044f \u043e\u0431\u043b\u0435\u0433\u0447\u0435\u043d\u0438\u044f \u0441\u0438\u043c\u043f\u0442\u043e\u043c\u043e\u0432, \u0432\u044b\u0437\u0432\u0430\u043d\u043d\u044b\u0445 \u0431\u043e\u043b\u044c\u044e \u0432 \u043a\u043e\u043b\u0435\u043d\u0435, \u0442\u0430\u043a\u0438\u0445 \u043a\u0430\u043a \u0431\u043e\u043b\u044c, \u043e\u0442\u0435\u043a \u0438 \u043e\u0433\u0440\u0430\u043d\u0438\u0447\u0435\u043d\u0438\u0435 \u0434\u0432\u0438\u0436\u0435\u043d\u0438\u0439.<\/p>\n<p>\u0421\u0438\u043c\u043f\u0442\u043e\u043c\u044b \u043e\u043f\u0435\u0440\u0430\u0446\u0438\u0438 \u043d\u0430 \u043c\u0435\u043d\u0438\u0441\u043a\u0435<\/p>\n<p>\u042d\u0442\u043e \u0445\u0438\u0440\u0443\u0440\u0433\u0438\u0447\u0435\u0441\u043a\u0430\u044f \u043f\u0440\u043e\u0446\u0435\u0434\u0443\u0440\u0430, \u0432\u044b\u043f\u043e\u043b\u043d\u044f\u0435\u043c\u0430\u044f \u0438\u0437-\u0437\u0430 \u0440\u0430\u0437\u0440\u044b\u0432\u0430 \u0445\u0440\u044f\u0449\u0435\u0432\u043e\u0439 \u0442\u043a\u0430\u043d\u0438, \u043d\u0430\u0437\u044b\u0432\u0430\u0435\u043c\u043e\u0439 \u043c\u0435\u043d\u0438\u0441\u043a\u043e\u043c.<br \/>\n\u0411\u043e\u043b\u044c: \u0411\u043e\u043b\u044c, \u0432\u044b\u0437\u0432\u0430\u043d\u043d\u0430\u044f \u0440\u0430\u0437\u0440\u044b\u0432\u043e\u043c \u0438\u043b\u0438 \u043f\u043e\u0432\u0440\u0435\u0436\u0434\u0435\u043d\u0438\u0435\u043c \u0441\u0443\u0441\u0442\u0430\u0432\u043d\u043e\u0439 \u043f\u043e\u0434\u0443\u0448\u043a\u0438, \u043e\u0431\u044b\u0447\u043d\u043e \u043a\u043e\u043d\u0446\u0435\u043d\u0442\u0440\u0438\u0440\u0443\u0435\u0442\u0441\u044f \u0432 \u0441\u0443\u0441\u0442\u0430\u0432\u0435 \u0438 \u0443\u0441\u0438\u043b\u0438\u0432\u0430\u0435\u0442\u0441\u044f \u0432\u043e \u0432\u0440\u0435\u043c\u044f \u0434\u0432\u0438\u0436\u0435\u043d\u0438\u0439.<\/p>\n<p>&nbsp;<\/p>\n<p>&nbsp;<\/p>\n<p>\u0412\u0438\u0434\u044b \u0445\u0438\u0440\u0443\u0440\u0433\u0438\u0438 \u043c\u0435\u043d\u0438\u0441\u043a\u0430<\/p>\n<p>\u0420\u0430\u0441\u043f\u043e\u043b\u043e\u0436\u0435\u043d \u0432 \u043a\u043e\u043b\u0435\u043d\u043d\u043e\u043c \u0441\u0443\u0441\u0442\u0430\u0432\u0435 [\u2026]<\/p>","protected":false},"author":1,"featured_media":0,"parent":0,"menu_order":0,"comment_status":"closed","ping_status":"closed","template":"","meta":{"footnotes":""},"class_list":["post-444","page","type-page","status-publish","hentry"],"_links":{"self":[{"href":"https:\/\/seckinbasilgan.com\/ru\/wp-json\/wp\/v2\/pages\/444","targetHints":{"allow":["GET"]}}],"collection":[{"href":"https:\/\/seckinbasilgan.com\/ru\/wp-json\/wp\/v2\/pages"}],"about":[{"href":"https:\/\/seckinbasilgan.com\/ru\/wp-json\/wp\/v2\/types\/page"}],"author":[{"embeddable":true,"href":"https:\/\/seckinbasilgan.com\/ru\/wp-json\/wp\/v2\/users\/1"}],"replies":[{"embeddable":true,"href":"https:\/\/seckinbasilgan.com\/ru\/wp-json\/wp\/v2\/comments?post=444"}],"version-history":[{"count":0,"href":"https:\/\/seckinbasilgan.com\/ru\/wp-json\/wp\/v2\/pages\/444\/revisions"}],"wp:attachment":[{"href":"https:\/\/seckinbasilgan.com\/ru\/wp-json\/wp\/v2\/media?parent=444"}],"curies":[{"name":"wp","href":"https:\/\/api.w.org\/{rel}","templated":true}]}}