{"id":452,"date":"2022-12-22T18:25:28","date_gmt":"2022-12-22T15:25:28","guid":{"rendered":"https:\/\/seckinbasilgan.com\/?page_id=452"},"modified":"2024-08-13T14:42:53","modified_gmt":"2024-08-13T11:42:53","slug":"diz-kireclenmesi","status":"publish","type":"page","link":"https:\/\/seckinbasilgan.com\/en\/knee-osteoarthritis\/","title":{"rendered":"Knee Calcification"},"content":{"rendered":"<section class=\"wpb-content-wrapper\"><div class='one-page-section' data-id='home' data-label='Home'><\/div><div data-vc-full-width=\"true\" data-vc-full-width-init=\"false\" data-vc-stretch-content=\"true\" class=\"vc_row wpb_row vc_row-fluid tedavilerust vc_custom_1671715721858 vc_row-has-fill vc_row-no-padding\"><div class=\"wpb_column vc_column_container vc_col-sm-1\/5\"><div class=\"vc_column-inner\"><div class=\"wpb_wrapper\"><\/div><\/div><\/div><div class=\"wpb_column vc_column_container vc_col-sm-3\/5\"><div class=\"vc_column-inner\"><div class=\"wpb_wrapper\"><div class=\"vc_empty_space\"   style=\"height: 50px\"><span class=\"vc_empty_space_inner\"><\/span><\/div><h1 style=\"color: #ffffff;line-height: 1em;text-align: center\" class=\"vc_custom_heading font-weight-900 vc_custom_1723548268525\" >Knee Calcification<\/h1><div class=\"vc_empty_space\"   style=\"height: 50px\"><span class=\"vc_empty_space_inner\"><\/span><\/div><\/div><\/div><\/div><div class=\"wpb_column vc_column_container vc_col-sm-1\/5\"><div class=\"vc_column-inner\"><div class=\"wpb_wrapper\"><\/div><\/div><\/div><\/div><div class=\"vc_row-full-width vc_clearfix\"><\/div><div class=\"vc_row wpb_row vc_row-fluid\"><div class=\"tedavilersag wpb_column vc_column_container vc_col-sm-8\"><div class=\"vc_column-inner\"><div class=\"wpb_wrapper\">\n\t<div  class=\"wpb_single_image wpb_content_element vc_align_left\">\n\t\t\n\t\t<figure class=\"wpb_wrapper vc_figure\">\n\t\t\t<div class=\"vc_single_image-wrapper   vc_box_border_grey\"><img loading=\"lazy\" decoding=\"async\" width=\"770\" height=\"400\" src=\"https:\/\/seckinbasilgan.com\/wp-content\/uploads\/2024\/08\/diz-kireclenmesi.jpg\" class=\"vc_single_image-img attachment-full\" alt=\"knee arthritis\" title=\"knee arthritis\" srcset=\"https:\/\/seckinbasilgan.com\/wp-content\/uploads\/2024\/08\/diz-kireclenmesi.jpg 770w, https:\/\/seckinbasilgan.com\/wp-content\/uploads\/2024\/08\/diz-kireclenmesi-300x156.jpg 300w, https:\/\/seckinbasilgan.com\/wp-content\/uploads\/2024\/08\/diz-kireclenmesi-768x399.jpg 768w, https:\/\/seckinbasilgan.com\/wp-content\/uploads\/2024\/08\/diz-kireclenmesi-18x9.jpg 18w\" sizes=\"auto, (max-width: 770px) 100vw, 770px\" \/><\/div>\n\t\t<\/figure>\n\t<\/div>\n<div  class=\"vc_wp_text wpb_content_element tedaviler-icerik-text\"><div class=\"widget widget_text\"><h2 class=\"widgettitle\">Knee Calcification<\/h2>\t\t\t<div class=\"textwidget\"><p><span style=\"font-weight: 400;\">It means calcification in the knee joints. Calcification causes stiffness and limitation of movement in the joints between bones. <\/span><b>Knee arthritis<\/b><span style=\"font-weight: 400;\">It is a condition that usually occurs with old age.\u00a0<\/span><span style=\"font-weight: 400;\">However, it can be seen at any age. Factors that cause knee arthritis include genetic predisposition, inactivity, excess weight, gender and some medications.\u00a0<\/span><\/p>\n<h2>Knee Calcification Treatment<\/h2>\n<p><span style=\"font-weight: 400;\"><img loading=\"lazy\" decoding=\"async\" class=\"size-full wp-image-2825 alignright\" src=\"https:\/\/seckinbasilgan.com\/wp-content\/uploads\/2024\/08\/diz-kireclenmesi-tedavisi.jpg\" alt=\"knee arthritis treatment\" width=\"450\" height=\"310\" title=\"\" srcset=\"https:\/\/seckinbasilgan.com\/wp-content\/uploads\/2024\/08\/diz-kireclenmesi-tedavisi.jpg 450w, https:\/\/seckinbasilgan.com\/wp-content\/uploads\/2024\/08\/diz-kireclenmesi-tedavisi-300x207.jpg 300w, https:\/\/seckinbasilgan.com\/wp-content\/uploads\/2024\/08\/diz-kireclenmesi-tedavisi-18x12.jpg 18w\" sizes=\"auto, (max-width: 450px) 100vw, 450px\" \/>It is usually done with movement therapy, pain medications, and devices used to move joints. Movement therapy includes specific exercises to keep the knee joint flexible and strong. Pain medications can be used to reduce pain. <\/span><span style=\"font-weight: 400;\">These medications may be anti-inflammatory drugs or painkillers such as opioids.\u00a0<\/span><span style=\"font-weight: 400;\">Your doctor carefully examines you for the most suitable treatment method.\u00a0<\/span><\/p>\n<h3>What are the symptoms of knee arthritis?<\/h3>\n<p>Some negative findings are observed within the scope of the disease. The severity and extent of side effects experienced in the joints vary from person to person. Some of the symptoms associated with arthritis can be listed as follows;<\/p>\n<p><span style=\"font-weight: 400;\">Pain: Arthritis in the knee can cause pain when moving the knee joint. This pain usually becomes more pronounced when inactive. A decrease is seen when moving due to activities during the day.\u00a0<\/span><\/p>\n<p><span style=\"font-weight: 400;\">Movement limitation: <\/span><b>Knee arthritis,<\/b><span style=\"font-weight: 400;\"> It may cause limitation of movement when moving the knee joint.<br \/>\n<\/span><\/p>\n<p><span style=\"font-weight: 400;\"> Fatigue: It may cause a feeling of fatigue due to limitation of movement.<\/span><\/p>\n<p><span style=\"font-weight: 400;\">Stiffness: You may feel stiffness in your knees. Especially in the morning, your knees may become stiffer when you stay still and may decrease when you move them.<\/span><\/p>\n<h4>Diz Kire\u00e7lenme \u00d6nlemek \u0130\u00e7in Ne Yap\u0131labilir?<\/h4>\n<p><span style=\"font-weight: 400;\"><img loading=\"lazy\" decoding=\"async\" class=\"size-full wp-image-2826 alignleft\" src=\"https:\/\/seckinbasilgan.com\/wp-content\/uploads\/2024\/08\/diz-kireclenmesi-ameliyati.jpg\" alt=\"diz kire\u00e7lenmesi ameliyat\u0131\" width=\"450\" height=\"310\" title=\"\" srcset=\"https:\/\/seckinbasilgan.com\/wp-content\/uploads\/2024\/08\/diz-kireclenmesi-ameliyati.jpg 450w, https:\/\/seckinbasilgan.com\/wp-content\/uploads\/2024\/08\/diz-kireclenmesi-ameliyati-300x207.jpg 300w, https:\/\/seckinbasilgan.com\/wp-content\/uploads\/2024\/08\/diz-kireclenmesi-ameliyati-18x12.jpg 18w\" sizes=\"auto, (max-width: 450px) 100vw, 450px\" \/>Joint disorders can be seen after a certain age. Expert opinion should be obtained as soon as possible to prevent it from reaching serious levels. The treatment process should proceed under the supervision of a physician specialized in orthopedics and traumatology.\u00a0<\/span><\/p>\n<p>Exercise regularly: Regular exercise strengthens your knees and increases mobility. Strengthen your knees by doing aerobic exercises such as regular walking and running.<\/p>\n<p>Pay attention to your weight: Excess weight puts extra stress on your knees, which can cause knee arthritis.<br \/>\nTry to lose weight with a healthy diet and regular exercises, and move regularly. Constantly sitting or staying motionless for long periods of time can reduce the mobility of your knees. Move yourself regularly and reduce sedentary behavior.<\/p>\n<p><span style=\"font-weight: 400;\">Taking into account the instructions and precautions given by your doctor can shorten the recovery time. <strong>D<\/strong><\/span><b>scar calcification <\/b><span style=\"font-weight: 400;\">You can contact us to take precautions against diseases such as or visit our website to get more information.\u00a0<\/span><\/p>\n<\/div>\n\t\t<\/div><\/div><\/div><\/div><\/div><div class=\"tedavilersol wpb_column vc_column_container vc_col-sm-4\"><div class=\"vc_column-inner\"><div class=\"wpb_wrapper\"><div  class=\"wpb_widgetised_column wpb_content_element\">\n\t\t<div class=\"wpb_wrapper\">\n\t\t\t\n\t\t\t<div id=\"nav_menu-2\" class=\"widget widget_nav_menu\"><h3 class=\"widget-title\">T\u00fcm Tedaviler<\/h3><div class=\"menu-tedaviler-container\"><ul id=\"menu-tedaviler\" class=\"menu\"><li id=\"menu-item-455\" class=\"menu-item menu-item-type-post_type menu-item-object-page menu-item-455\"><a href=\"https:\/\/seckinbasilgan.com\/en\/hip-prosthesis\/\">Hip Prosthesis<\/a><\/li>\n<li id=\"menu-item-456\" class=\"menu-item menu-item-type-post_type menu-item-object-page menu-item-456\"><a href=\"https:\/\/seckinbasilgan.com\/en\/robotic-hip-prosthesis\/\">Robotic Hip Prosthesis<\/a><\/li>\n<li id=\"menu-item-457\" class=\"menu-item menu-item-type-post_type menu-item-object-page menu-item-457\"><a href=\"https:\/\/seckinbasilgan.com\/en\/knee-arthroplasty\/\">Knee arthroplasty<\/a><\/li>\n<li id=\"menu-item-458\" class=\"menu-item menu-item-type-post_type menu-item-object-page menu-item-458\"><a href=\"https:\/\/seckinbasilgan.com\/en\/robotic-knee-prosthesis\/\">Robotic Knee Prosthesis<\/a><\/li>\n<li id=\"menu-item-459\" class=\"menu-item menu-item-type-post_type menu-item-object-page menu-item-459\"><a href=\"https:\/\/seckinbasilgan.com\/en\/hip-arthritis\/\">Hip Calcification<\/a><\/li>\n<li id=\"menu-item-460\" class=\"menu-item menu-item-type-post_type menu-item-object-page menu-item-460\"><a href=\"https:\/\/seckinbasilgan.com\/en\/meniscus-surgery\/\">Meniscus Surgery<\/a><\/li>\n<li id=\"menu-item-461\" class=\"menu-item menu-item-type-post_type menu-item-object-page menu-item-461\"><a href=\"https:\/\/seckinbasilgan.com\/en\/osteoclasis\/\">Osteoclasis<\/a><\/li>\n<li id=\"menu-item-462\" class=\"menu-item menu-item-type-post_type menu-item-object-page menu-item-462\"><a href=\"https:\/\/seckinbasilgan.com\/en\/broken-dislocation\/\">Fracture &amp; Dislocation<\/a><\/li>\n<li id=\"menu-item-464\" class=\"menu-item menu-item-type-post_type menu-item-object-page menu-item-464\"><a href=\"https:\/\/seckinbasilgan.com\/en\/shoulder-diseases\/\">Shoulder Diseases<\/a><\/li>\n<li id=\"menu-item-463\" class=\"menu-item menu-item-type-post_type menu-item-object-page menu-item-463\"><a href=\"https:\/\/seckinbasilgan.com\/en\/knee-osteoarthritis\/\">Knee Calcification<\/a><\/li>\n<\/ul><\/div><\/div><div id=\"text-2\" class=\"widget widget_text\"><h3 class=\"widget-title\">Bilgi ve Randevu Formu<\/h3>\t\t\t<div class=\"textwidget\">\n<div class=\"wpcf7 no-js\" id=\"wpcf7-f379-o1\" lang=\"en-US\" dir=\"ltr\" data-wpcf7-id=\"379\">\n<div class=\"screen-reader-response\"><p role=\"status\" aria-live=\"polite\" aria-atomic=\"true\"><\/p> <ul><\/ul><\/div>\n<form action=\"\/en\/wp-json\/wp\/v2\/pages\/452#wpcf7-f379-o1\" method=\"post\" class=\"wpcf7-form init\" aria-label=\"contact form\" novalidate=\"novalidate\" data-status=\"init\" data-trp-original-action=\"\/en\/wp-json\/wp\/v2\/pages\/452#wpcf7-f379-o1\">\n<fieldset class=\"hidden-fields-container\"><input type=\"hidden\" name=\"_wpcf7\" value=\"379\" \/><input type=\"hidden\" name=\"_wpcf7_version\" value=\"6.1.5\" \/><input type=\"hidden\" name=\"_wpcf7_locale\" value=\"en_US\" \/><input type=\"hidden\" name=\"_wpcf7_unit_tag\" value=\"wpcf7-f379-o1\" \/><input type=\"hidden\" name=\"_wpcf7_container_post\" value=\"0\" \/><input type=\"hidden\" name=\"_wpcf7_posted_data_hash\" value=\"\" \/>\n<\/fieldset>\n<div class='contact-us'>\n\t<div class='row'>\n\t\t<div class='col-md-12 col-sm-12'>\n\t\t\t<p><span class=\"wpcf7-form-control-wrap\" data-name=\"isim\"><input size=\"40\" maxlength=\"400\" class=\"wpcf7-form-control wpcf7-text wpcf7-validates-as-required\" aria-required=\"true\" aria-invalid=\"false\" placeholder=\"Name surname\" value=\"\" type=\"text\" name=\"isim\" \/><\/span>\n\t\t\t<\/p>\n\t\t<\/div>\n\t\t<div class='col-md-12 col-sm-12'>\n\t\t\t<p><span class=\"wpcf7-form-control-wrap\" data-name=\"eposta\"><input size=\"40\" maxlength=\"400\" class=\"wpcf7-form-control wpcf7-text wpcf7-validates-as-required\" aria-required=\"true\" aria-invalid=\"false\" placeholder=\"E-mail\" value=\"\" type=\"text\" name=\"eposta\" \/><\/span>\n\t\t\t<\/p>\n\t\t<\/div>\n\t\t<div class='col-md-12 col-sm-12'>\n\t\t\t<p><span class=\"wpcf7-form-control-wrap\" data-name=\"your-subject\"><input size=\"40\" maxlength=\"400\" class=\"wpcf7-form-control wpcf7-text wpcf7-validates-as-required\" aria-required=\"true\" aria-invalid=\"false\" placeholder=\"Subject\" value=\"\" type=\"text\" name=\"your-subject\" \/><\/span>\n\t\t\t<\/p>\n\t\t<\/div>\n\t\t<div class='col-md-12 col-sm-12'>\n\t\t\t<p><span class=\"wpcf7-form-control-wrap\" data-name=\"telefon\"><input size=\"40\" maxlength=\"400\" class=\"wpcf7-form-control wpcf7-text wpcf7-validates-as-required\" aria-required=\"true\" aria-invalid=\"false\" placeholder=\"Telephone\" value=\"\" type=\"text\" name=\"telefon\" \/><\/span>\n\t\t\t<\/p>\n\t\t<\/div>\n\t\t<div class='col-md-12 col-sm-12'>\n\t\t\t<p><span class=\"wpcf7-form-control-wrap\" data-name=\"mesaj\"><textarea cols=\"40\" rows=\"10\" maxlength=\"2000\" class=\"wpcf7-form-control wpcf7-textarea\" aria-invalid=\"false\" placeholder=\"Message\" name=\"mesaj\"><\/textarea><\/span>\n\t\t\t<\/p>\n\t\t<\/div>\n\t\t<div class='col-md-12 col-sm-12'>\n\t\t\t<p><span class=\"wpcf7-form-control-wrap\" data-name=\"hcap-cf7\">\t\t<input\n\t\t\t\ttype=\"hidden\"\n\t\t\t\tclass=\"hcaptcha-widget-id\"\n\t\t\t\tname=\"hcaptcha-widget-id\"\n\t\t\t\tvalue=\"eyJzb3VyY2UiOlsiY29udGFjdC1mb3JtLTdcL3dwLWNvbnRhY3QtZm9ybS03LnBocCJdLCJmb3JtX2lkIjozNzl9-c2a978923c18c44aceb0c99428f0350f\">\n\t\t\t\t<span id=\"hcap_cf7-69f6141595ef73.93451605\" class=\"wpcf7-form-control h-captcha\"\n\t\t\tdata-sitekey=\"2844963e-d3e5-4439-ae8e-c326baed8273\"\n\t\t\tdata-theme=\"light\"\n\t\t\tdata-size=\"normal\"\n\t\t\tdata-auto=\"false\"\n\t\t\tdata-ajax=\"false\"\n\t\t\tdata-force=\"false\">\n\t\t<\/span>\n\t\t<input type=\"hidden\" id=\"_wpnonce\" name=\"_wpnonce\" value=\"35c63e46dd\" \/><input type=\"hidden\" name=\"_wp_http_referer\" value=\"\/en\/wp-json\/wp\/v2\/pages\/452\" \/><\/span><input class=\"wpcf7-form-control wpcf7-submit has-spinner\" type=\"submit\" value=\"SEND\" \/>\n\t\t\t<\/p>\n\t\t<\/div>\n\t<\/div>\n<\/div><div class=\"wpcf7-response-output\" aria-hidden=\"true\"><\/div>\n<input type=\"hidden\" name=\"trp-form-language\" value=\"en\"\/><\/form>\n<\/div>\n\n<\/div>\n\t\t<\/div>\n\t\t<\/div>\n\t<\/div>\n<\/div><\/div><\/div><\/div><div class=\"vc_row wpb_row vc_row-fluid\"><div class=\"wpb_column vc_column_container vc_col-sm-12\"><div class=\"vc_column-inner\"><div class=\"wpb_wrapper\">\n\t<div class=\"wpb_raw_code wpb_content_element wpb_raw_html\" >\n\t\t<div class=\"wpb_wrapper\">\n\t\t\t<style>\nbody.no-content-padding .blog-section{padding-top:99px !important;}\n<\/style>\n\t\t<\/div>\n\t<\/div>\n<\/div><\/div><\/div><\/div>\n<\/section>","protected":false},"excerpt":{"rendered":"<p>Knee Calcification<\/p>\n<p>Knee Calcification\t\t\t<\/p>\n<p>It means calcification in the knee joints. Calcification causes stiffness and limitation of movement in the joints between bones. Knee arthritis is a condition that usually occurs with old age. However, it can be seen at any age. Factors that cause knee arthritis include genetic predisposition, inactivity, excess weight, gender and some medications.\u00a0<\/p>\n<p>Knee Calcification Treatment<\/p>\n<p>It is usually done with movement therapy, pain medications, and devices used to move joints. Movement therapy includes specific exercises to keep the knee joint flexible and strong. Painkillers are used to reduce pain [...]<\/p>","protected":false},"author":1,"featured_media":0,"parent":0,"menu_order":0,"comment_status":"closed","ping_status":"closed","template":"","meta":{"footnotes":""},"class_list":["post-452","page","type-page","status-publish","hentry"],"_links":{"self":[{"href":"https:\/\/seckinbasilgan.com\/en\/wp-json\/wp\/v2\/pages\/452","targetHints":{"allow":["GET"]}}],"collection":[{"href":"https:\/\/seckinbasilgan.com\/en\/wp-json\/wp\/v2\/pages"}],"about":[{"href":"https:\/\/seckinbasilgan.com\/en\/wp-json\/wp\/v2\/types\/page"}],"author":[{"embeddable":true,"href":"https:\/\/seckinbasilgan.com\/en\/wp-json\/wp\/v2\/users\/1"}],"replies":[{"embeddable":true,"href":"https:\/\/seckinbasilgan.com\/en\/wp-json\/wp\/v2\/comments?post=452"}],"version-history":[{"count":0,"href":"https:\/\/seckinbasilgan.com\/en\/wp-json\/wp\/v2\/pages\/452\/revisions"}],"wp:attachment":[{"href":"https:\/\/seckinbasilgan.com\/en\/wp-json\/wp\/v2\/media?parent=452"}],"curies":[{"name":"wp","href":"https:\/\/api.w.org\/{rel}","templated":true}]}}