{"id":450,"date":"2022-12-22T18:25:11","date_gmt":"2022-12-22T15:25:11","guid":{"rendered":"https:\/\/seckinbasilgan.com\/?page_id=450"},"modified":"2024-08-13T14:17:01","modified_gmt":"2024-08-13T11:17:01","slug":"omuz-hastaliklari","status":"publish","type":"page","link":"https:\/\/seckinbasilgan.com\/en\/shoulder-diseases\/","title":{"rendered":"Shoulder Diseases"},"content":{"rendered":"<section class=\"wpb-content-wrapper\"><div class='one-page-section' data-id='home' data-label='Home'><\/div><div data-vc-full-width=\"true\" data-vc-full-width-init=\"false\" data-vc-stretch-content=\"true\" class=\"vc_row wpb_row vc_row-fluid tedavilerust vc_custom_1671715721858 vc_row-has-fill vc_row-no-padding\"><div class=\"wpb_column vc_column_container vc_col-sm-1\/5\"><div class=\"vc_column-inner\"><div class=\"wpb_wrapper\"><\/div><\/div><\/div><div class=\"wpb_column vc_column_container vc_col-sm-3\/5\"><div class=\"vc_column-inner\"><div class=\"wpb_wrapper\"><div class=\"vc_empty_space\"   style=\"height: 50px\"><span class=\"vc_empty_space_inner\"><\/span><\/div><h1 style=\"color: #ffffff;line-height: 1em;text-align: center\" class=\"vc_custom_heading font-weight-900 vc_custom_1723547064179\" >Shoulder Diseases<\/h1><div class=\"vc_empty_space\"   style=\"height: 50px\"><span class=\"vc_empty_space_inner\"><\/span><\/div><\/div><\/div><\/div><div class=\"wpb_column vc_column_container vc_col-sm-1\/5\"><div class=\"vc_column-inner\"><div class=\"wpb_wrapper\"><\/div><\/div><\/div><\/div><div class=\"vc_row-full-width vc_clearfix\"><\/div><div class=\"vc_row wpb_row vc_row-fluid\"><div class=\"tedavilersag wpb_column vc_column_container vc_col-sm-8\"><div class=\"vc_column-inner\"><div class=\"wpb_wrapper\">\n\t<div  class=\"wpb_single_image wpb_content_element vc_align_left\">\n\t\t\n\t\t<figure class=\"wpb_wrapper vc_figure\">\n\t\t\t<div class=\"vc_single_image-wrapper   vc_box_border_grey\"><img loading=\"lazy\" decoding=\"async\" width=\"770\" height=\"400\" src=\"https:\/\/seckinbasilgan.com\/wp-content\/uploads\/2024\/08\/omuz-hastaliklari.jpg\" class=\"vc_single_image-img attachment-full\" alt=\"shoulder diseases\" title=\"shoulder diseases\" srcset=\"https:\/\/seckinbasilgan.com\/wp-content\/uploads\/2024\/08\/omuz-hastaliklari.jpg 770w, https:\/\/seckinbasilgan.com\/wp-content\/uploads\/2024\/08\/omuz-hastaliklari-300x156.jpg 300w, https:\/\/seckinbasilgan.com\/wp-content\/uploads\/2024\/08\/omuz-hastaliklari-768x399.jpg 768w, https:\/\/seckinbasilgan.com\/wp-content\/uploads\/2024\/08\/omuz-hastaliklari-18x9.jpg 18w\" sizes=\"auto, (max-width: 770px) 100vw, 770px\" \/><\/div>\n\t\t<\/figure>\n\t<\/div>\n<div  class=\"vc_wp_text wpb_content_element tedaviler-icerik-text\"><div class=\"widget widget_text\">\t\t\t<div class=\"textwidget\"><p>It is a group of disorders related to closets, such as pain, tightness and limitation of movement in the back area. It refers to diseases or conditions that affect the shoulder. some common <strong>shoulder diseases<\/strong> Varieties include;<\/p>\n<p>Tendinitis: Inflammation of the tendons in the shoulder that can be caused by overuse or injury.<\/p>\n<p>Bursitis: Inflammation of the bursae (small fluid-filled sacs) in the shoulder that can be caused by overuse or injury.<\/p>\n<p>Rotator cuff tear: A tear in the muscles and tendons of the rotator cuff that can result from a sudden injury or long-term overuse.<\/p>\n<p>Frozen shoulder (adhesive capsulitis): A condition in which the shoulder becomes stiff and painful, usually as a result of injury or surgery.<\/p>\n<p>Osteoarthritis: A degenerative joint condition that can affect the shoulder, causing pain and limited range of motion.<\/p>\n<h2>Shoulder Diseases and Their Causes<\/h2>\n<p><img loading=\"lazy\" decoding=\"async\" class=\"size-full wp-image-2820 alignright\" src=\"https:\/\/seckinbasilgan.com\/wp-content\/uploads\/2024\/08\/omuz-cikiklari.jpg\" alt=\"omuz \u00e7\u0131k\u0131klar\u0131\" width=\"450\" height=\"310\" title=\"\" srcset=\"https:\/\/seckinbasilgan.com\/wp-content\/uploads\/2024\/08\/omuz-cikiklari.jpg 450w, https:\/\/seckinbasilgan.com\/wp-content\/uploads\/2024\/08\/omuz-cikiklari-300x207.jpg 300w, https:\/\/seckinbasilgan.com\/wp-content\/uploads\/2024\/08\/omuz-cikiklari-18x12.jpg 18w\" sizes=\"auto, (max-width: 450px) 100vw, 450px\" \/>Symptoms such as muscle tearing, rubbing noise in the shoulder, heaviness and weakness in the arm are observed. Due to shoulder deformity, there is difficulty in arm movements. Frozen shoulder syndrome is a type that causes difficulty in moving our shoulder. It occurs for various reasons. These reasons include the following factors.<\/p>\n<p>Excessive weight: Shoulder muscles and joints may get tired as a result of movements in the shoulder area. This can manifest itself in pain and a feeling of tightness in the shoulder area. Therefore, in people <strong>shoulder diseases <\/strong>is emerging.<\/p>\n<p>Inactivity: Prolonged immobility in the shoulder area may cause reaction and weakening of the shoulder muscles. This may cause pain and limitation of movement in the shoulder area.<\/p>\n<p>Trauma: As a result of a large blow or blow to the shoulder areas, damage occurs to the shoulder muscles and their compression. This may cause pain and limitation of movement in the shoulder area.<\/p>\n<h3>Shoulder Diseases Treatment Methods<strong><br \/>\n<\/strong><\/h3>\n<p>The treatment applied by orthopedics and traumatology specialists varies depending on the cause of the disease. Therefore, the most appropriate treatment method is decided according to the results of the examination and surgery. If shoulder pain and other symptoms occur, it is important to seek avoidance and get treated, as shoulder diseases can lead to more serious symptoms. Mobilizing the shoulder joint is one of the best methods to protect the shoulder joint.<\/p>\n<h4>Shoulder Diseases Recovery Time<\/h4>\n<p><img loading=\"lazy\" decoding=\"async\" class=\"size-full wp-image-2821 alignleft\" src=\"https:\/\/seckinbasilgan.com\/wp-content\/uploads\/2024\/08\/omuz-kiriklari.jpg\" alt=\"omuz k\u0131r\u0131klar\u0131\" width=\"450\" height=\"310\" title=\"\" srcset=\"https:\/\/seckinbasilgan.com\/wp-content\/uploads\/2024\/08\/omuz-kiriklari.jpg 450w, https:\/\/seckinbasilgan.com\/wp-content\/uploads\/2024\/08\/omuz-kiriklari-300x207.jpg 300w, https:\/\/seckinbasilgan.com\/wp-content\/uploads\/2024\/08\/omuz-kiriklari-18x12.jpg 18w\" sizes=\"auto, (max-width: 450px) 100vw, 450px\" \/>Joint disorders negatively affect many areas, especially the shoulder joints. It is estimated that it occurs due to genetic and environmental reasons. For example, shoulder pain can be caused by high stress and fatigue. In this case, a few days of rest may be sufficient to reduce the pain. However, more serious <strong>shoulder diseases<\/strong>requires long-term treatment.<\/p>\n<\/div>\n\t\t<\/div><\/div><\/div><\/div><\/div><div class=\"tedavilersol wpb_column vc_column_container vc_col-sm-4\"><div class=\"vc_column-inner\"><div class=\"wpb_wrapper\"><div  class=\"wpb_widgetised_column wpb_content_element\">\n\t\t<div class=\"wpb_wrapper\">\n\t\t\t\n\t\t\t<div id=\"nav_menu-2\" class=\"widget widget_nav_menu\"><h3 class=\"widget-title\">T\u00fcm Tedaviler<\/h3><div class=\"menu-tedaviler-container\"><ul id=\"menu-tedaviler\" class=\"menu\"><li id=\"menu-item-455\" class=\"menu-item menu-item-type-post_type menu-item-object-page menu-item-455\"><a href=\"https:\/\/seckinbasilgan.com\/en\/hip-prosthesis\/\">Hip Prosthesis<\/a><\/li>\n<li id=\"menu-item-456\" class=\"menu-item menu-item-type-post_type menu-item-object-page menu-item-456\"><a href=\"https:\/\/seckinbasilgan.com\/en\/robotic-hip-prosthesis\/\">Robotic Hip Prosthesis<\/a><\/li>\n<li id=\"menu-item-457\" class=\"menu-item menu-item-type-post_type menu-item-object-page menu-item-457\"><a href=\"https:\/\/seckinbasilgan.com\/en\/knee-arthroplasty\/\">Knee arthroplasty<\/a><\/li>\n<li id=\"menu-item-458\" class=\"menu-item menu-item-type-post_type menu-item-object-page menu-item-458\"><a href=\"https:\/\/seckinbasilgan.com\/en\/robotic-knee-prosthesis\/\">Robotic Knee Prosthesis<\/a><\/li>\n<li id=\"menu-item-459\" class=\"menu-item menu-item-type-post_type menu-item-object-page menu-item-459\"><a href=\"https:\/\/seckinbasilgan.com\/en\/hip-arthritis\/\">Hip Calcification<\/a><\/li>\n<li id=\"menu-item-460\" class=\"menu-item menu-item-type-post_type menu-item-object-page menu-item-460\"><a href=\"https:\/\/seckinbasilgan.com\/en\/meniscus-surgery\/\">Meniscus Surgery<\/a><\/li>\n<li id=\"menu-item-461\" class=\"menu-item menu-item-type-post_type menu-item-object-page menu-item-461\"><a href=\"https:\/\/seckinbasilgan.com\/en\/osteoclasis\/\">Osteoclasis<\/a><\/li>\n<li id=\"menu-item-462\" class=\"menu-item menu-item-type-post_type menu-item-object-page menu-item-462\"><a href=\"https:\/\/seckinbasilgan.com\/en\/broken-dislocation\/\">Fracture &amp; Dislocation<\/a><\/li>\n<li id=\"menu-item-464\" class=\"menu-item menu-item-type-post_type menu-item-object-page menu-item-464\"><a href=\"https:\/\/seckinbasilgan.com\/en\/shoulder-diseases\/\">Shoulder Diseases<\/a><\/li>\n<li id=\"menu-item-463\" class=\"menu-item menu-item-type-post_type menu-item-object-page menu-item-463\"><a href=\"https:\/\/seckinbasilgan.com\/en\/knee-osteoarthritis\/\">Knee Calcification<\/a><\/li>\n<\/ul><\/div><\/div><div id=\"text-2\" class=\"widget widget_text\"><h3 class=\"widget-title\">Bilgi ve Randevu Formu<\/h3>\t\t\t<div class=\"textwidget\">\n<div class=\"wpcf7 no-js\" id=\"wpcf7-f379-o1\" lang=\"en-US\" dir=\"ltr\" data-wpcf7-id=\"379\">\n<div class=\"screen-reader-response\"><p role=\"status\" aria-live=\"polite\" aria-atomic=\"true\"><\/p> <ul><\/ul><\/div>\n<form action=\"\/en\/wp-json\/wp\/v2\/pages\/450#wpcf7-f379-o1\" method=\"post\" class=\"wpcf7-form init\" aria-label=\"contact form\" novalidate=\"novalidate\" data-status=\"init\" data-trp-original-action=\"\/en\/wp-json\/wp\/v2\/pages\/450#wpcf7-f379-o1\">\n<fieldset class=\"hidden-fields-container\"><input type=\"hidden\" name=\"_wpcf7\" value=\"379\" \/><input type=\"hidden\" name=\"_wpcf7_version\" value=\"6.1.5\" \/><input type=\"hidden\" name=\"_wpcf7_locale\" value=\"en_US\" \/><input type=\"hidden\" name=\"_wpcf7_unit_tag\" value=\"wpcf7-f379-o1\" \/><input type=\"hidden\" name=\"_wpcf7_container_post\" value=\"0\" \/><input type=\"hidden\" name=\"_wpcf7_posted_data_hash\" value=\"\" \/>\n<\/fieldset>\n<div class='contact-us'>\n\t<div class='row'>\n\t\t<div class='col-md-12 col-sm-12'>\n\t\t\t<p><span class=\"wpcf7-form-control-wrap\" data-name=\"isim\"><input size=\"40\" maxlength=\"400\" class=\"wpcf7-form-control wpcf7-text wpcf7-validates-as-required\" aria-required=\"true\" aria-invalid=\"false\" placeholder=\"Name surname\" value=\"\" type=\"text\" name=\"isim\" \/><\/span>\n\t\t\t<\/p>\n\t\t<\/div>\n\t\t<div class='col-md-12 col-sm-12'>\n\t\t\t<p><span class=\"wpcf7-form-control-wrap\" data-name=\"eposta\"><input size=\"40\" maxlength=\"400\" class=\"wpcf7-form-control wpcf7-text wpcf7-validates-as-required\" aria-required=\"true\" aria-invalid=\"false\" placeholder=\"E-mail\" value=\"\" type=\"text\" name=\"eposta\" \/><\/span>\n\t\t\t<\/p>\n\t\t<\/div>\n\t\t<div class='col-md-12 col-sm-12'>\n\t\t\t<p><span class=\"wpcf7-form-control-wrap\" data-name=\"your-subject\"><input size=\"40\" maxlength=\"400\" class=\"wpcf7-form-control wpcf7-text wpcf7-validates-as-required\" aria-required=\"true\" aria-invalid=\"false\" placeholder=\"Subject\" value=\"\" type=\"text\" name=\"your-subject\" \/><\/span>\n\t\t\t<\/p>\n\t\t<\/div>\n\t\t<div class='col-md-12 col-sm-12'>\n\t\t\t<p><span class=\"wpcf7-form-control-wrap\" data-name=\"telefon\"><input size=\"40\" maxlength=\"400\" class=\"wpcf7-form-control wpcf7-text wpcf7-validates-as-required\" aria-required=\"true\" aria-invalid=\"false\" placeholder=\"Telephone\" value=\"\" type=\"text\" name=\"telefon\" \/><\/span>\n\t\t\t<\/p>\n\t\t<\/div>\n\t\t<div class='col-md-12 col-sm-12'>\n\t\t\t<p><span class=\"wpcf7-form-control-wrap\" data-name=\"mesaj\"><textarea cols=\"40\" rows=\"10\" maxlength=\"2000\" class=\"wpcf7-form-control wpcf7-textarea\" aria-invalid=\"false\" placeholder=\"Message\" name=\"mesaj\"><\/textarea><\/span>\n\t\t\t<\/p>\n\t\t<\/div>\n\t\t<div class='col-md-12 col-sm-12'>\n\t\t\t<p><span class=\"wpcf7-form-control-wrap\" data-name=\"hcap-cf7\">\t\t<input\n\t\t\t\ttype=\"hidden\"\n\t\t\t\tclass=\"hcaptcha-widget-id\"\n\t\t\t\tname=\"hcaptcha-widget-id\"\n\t\t\t\tvalue=\"eyJzb3VyY2UiOlsiY29udGFjdC1mb3JtLTdcL3dwLWNvbnRhY3QtZm9ybS03LnBocCJdLCJmb3JtX2lkIjozNzl9-c2a978923c18c44aceb0c99428f0350f\">\n\t\t\t\t<span id=\"hcap_cf7-6a03664fdc3009.05840265\" class=\"wpcf7-form-control h-captcha\"\n\t\t\tdata-sitekey=\"2844963e-d3e5-4439-ae8e-c326baed8273\"\n\t\t\tdata-theme=\"light\"\n\t\t\tdata-size=\"normal\"\n\t\t\tdata-auto=\"false\"\n\t\t\tdata-ajax=\"false\"\n\t\t\tdata-force=\"false\">\n\t\t<\/span>\n\t\t<input type=\"hidden\" id=\"_wpnonce\" name=\"_wpnonce\" value=\"8035c43ac3\" \/><input type=\"hidden\" name=\"_wp_http_referer\" value=\"\/en\/wp-json\/wp\/v2\/pages\/450\" \/><\/span><input class=\"wpcf7-form-control wpcf7-submit has-spinner\" type=\"submit\" value=\"SEND\" \/>\n\t\t\t<\/p>\n\t\t<\/div>\n\t<\/div>\n<\/div><div class=\"wpcf7-response-output\" aria-hidden=\"true\"><\/div>\n<input type=\"hidden\" name=\"trp-form-language\" value=\"en\"\/><\/form>\n<\/div>\n\n<\/div>\n\t\t<\/div>\n\t\t<\/div>\n\t<\/div>\n<\/div><\/div><\/div><\/div><div class=\"vc_row wpb_row vc_row-fluid\"><div class=\"wpb_column vc_column_container vc_col-sm-12\"><div class=\"vc_column-inner\"><div class=\"wpb_wrapper\">\n\t<div class=\"wpb_raw_code wpb_content_element wpb_raw_html\" >\n\t\t<div class=\"wpb_wrapper\">\n\t\t\t<style>\nbody.no-content-padding .blog-section{padding-top:99px !important;}\n<\/style>\n\t\t<\/div>\n\t<\/div>\n<\/div><\/div><\/div><\/div>\n<\/section>","protected":false},"excerpt":{"rendered":"<p>Shoulder Diseases<\/p>\n<p>It is a group of disorders related to closets such as pain, tightness and limitation of movement in the back area. It refers to diseases or conditions that affect the shoulder. Some common types of shoulder diseases include:<\/p>\n<p>Tendinitis: Inflammation of the tendons in the shoulder that can be caused by overuse or injury.<\/p>\n<p>Bursitis: Inflammation of the bursae (small fluid-filled sacs) in the shoulder that can be caused by overuse or injury.<\/p>\n<p>Rotator cuff tear: A tear in the muscles and tendons of the rotator cuff that can result from a sudden injury or long-term overuse.<\/p>\n<p>Frozen shoulder (adhesive capsulitis): A condition in which the shoulder becomes stiff, usually as a result of injury or surgery [\u2026]<\/p>","protected":false},"author":1,"featured_media":0,"parent":0,"menu_order":0,"comment_status":"closed","ping_status":"closed","template":"","meta":{"footnotes":""},"class_list":["post-450","page","type-page","status-publish","hentry"],"_links":{"self":[{"href":"https:\/\/seckinbasilgan.com\/en\/wp-json\/wp\/v2\/pages\/450","targetHints":{"allow":["GET"]}}],"collection":[{"href":"https:\/\/seckinbasilgan.com\/en\/wp-json\/wp\/v2\/pages"}],"about":[{"href":"https:\/\/seckinbasilgan.com\/en\/wp-json\/wp\/v2\/types\/page"}],"author":[{"embeddable":true,"href":"https:\/\/seckinbasilgan.com\/en\/wp-json\/wp\/v2\/users\/1"}],"replies":[{"embeddable":true,"href":"https:\/\/seckinbasilgan.com\/en\/wp-json\/wp\/v2\/comments?post=450"}],"version-history":[{"count":0,"href":"https:\/\/seckinbasilgan.com\/en\/wp-json\/wp\/v2\/pages\/450\/revisions"}],"wp:attachment":[{"href":"https:\/\/seckinbasilgan.com\/en\/wp-json\/wp\/v2\/media?parent=450"}],"curies":[{"name":"wp","href":"https:\/\/api.w.org\/{rel}","templated":true}]}}