{"id":444,"date":"2022-12-22T18:24:16","date_gmt":"2022-12-22T15:24:16","guid":{"rendered":"https:\/\/seckinbasilgan.com\/?page_id=444"},"modified":"2024-08-13T12:27:50","modified_gmt":"2024-08-13T09:27:50","slug":"meniskus-ameliyati","status":"publish","type":"page","link":"https:\/\/seckinbasilgan.com\/en\/meniscus-surgery\/","title":{"rendered":"Meniscus Surgery"},"content":{"rendered":"<section class=\"wpb-content-wrapper\"><div class='one-page-section' data-id='home' data-label='Home'><\/div><div data-vc-full-width=\"true\" data-vc-full-width-init=\"false\" data-vc-stretch-content=\"true\" class=\"vc_row wpb_row vc_row-fluid tedavilerust vc_custom_1671715721858 vc_row-has-fill vc_row-no-padding\"><div class=\"wpb_column vc_column_container vc_col-sm-1\/5\"><div class=\"vc_column-inner\"><div class=\"wpb_wrapper\"><\/div><\/div><\/div><div class=\"wpb_column vc_column_container vc_col-sm-3\/5\"><div class=\"vc_column-inner\"><div class=\"wpb_wrapper\"><div class=\"vc_empty_space\"   style=\"height: 50px\"><span class=\"vc_empty_space_inner\"><\/span><\/div><h1 style=\"color: #ffffff;line-height: 1em;text-align: center\" class=\"vc_custom_heading font-weight-900 vc_custom_1723540555374\" >Meniscus Surgery<\/h1><div class=\"vc_empty_space\"   style=\"height: 50px\"><span class=\"vc_empty_space_inner\"><\/span><\/div><\/div><\/div><\/div><div class=\"wpb_column vc_column_container vc_col-sm-1\/5\"><div class=\"vc_column-inner\"><div class=\"wpb_wrapper\"><\/div><\/div><\/div><\/div><div class=\"vc_row-full-width vc_clearfix\"><\/div><div class=\"vc_row wpb_row vc_row-fluid\"><div class=\"tedavilersag wpb_column vc_column_container vc_col-sm-8\"><div class=\"vc_column-inner\"><div class=\"wpb_wrapper\">\n\t<div  class=\"wpb_single_image wpb_content_element vc_align_left\">\n\t\t\n\t\t<figure class=\"wpb_wrapper vc_figure\">\n\t\t\t<div class=\"vc_single_image-wrapper   vc_box_border_grey\"><img loading=\"lazy\" decoding=\"async\" width=\"770\" height=\"400\" src=\"https:\/\/seckinbasilgan.com\/wp-content\/uploads\/2024\/08\/Meniskus-Ameliyati-1.jpg\" class=\"vc_single_image-img attachment-full\" alt=\"Meniscus Surgery\" title=\"Meniscus Surgery\" srcset=\"https:\/\/seckinbasilgan.com\/wp-content\/uploads\/2024\/08\/Meniskus-Ameliyati-1.jpg 770w, https:\/\/seckinbasilgan.com\/wp-content\/uploads\/2024\/08\/Meniskus-Ameliyati-1-300x156.jpg 300w, https:\/\/seckinbasilgan.com\/wp-content\/uploads\/2024\/08\/Meniskus-Ameliyati-1-768x399.jpg 768w, https:\/\/seckinbasilgan.com\/wp-content\/uploads\/2024\/08\/Meniskus-Ameliyati-1-18x9.jpg 18w\" sizes=\"auto, (max-width: 770px) 100vw, 770px\" \/><\/div>\n\t\t<\/figure>\n\t<\/div>\n<div  class=\"vc_wp_text wpb_content_element tedaviler-icerik-text\"><div class=\"widget widget_text\">\t\t\t<div class=\"textwidget\"><p>It is the process of repairing or removing the meniscus tissue in an individual&#039;s knee. Menisci are two soft tissues located in the knee joint and regulate the movements of the joint and protect the knee joint during movements. <strong>meniscus surgery<\/strong> relief of symptoms often caused by knee pain, such as pain, swelling, and limited movement<\/p>\n<h2>Meniscus Surgery Symptoms<\/h2>\n<p><img loading=\"lazy\" decoding=\"async\" class=\"size-full wp-image-2803 alignright\" src=\"https:\/\/seckinbasilgan.com\/wp-content\/uploads\/2024\/08\/Meniskus-tedavisi.jpg\" alt=\"meniscus treatment\" width=\"450\" height=\"310\" title=\"\" srcset=\"https:\/\/seckinbasilgan.com\/wp-content\/uploads\/2024\/08\/Meniskus-tedavisi.jpg 450w, https:\/\/seckinbasilgan.com\/wp-content\/uploads\/2024\/08\/Meniskus-tedavisi-300x207.jpg 300w, https:\/\/seckinbasilgan.com\/wp-content\/uploads\/2024\/08\/Meniskus-tedavisi-18x12.jpg 18w\" sizes=\"auto, (max-width: 450px) 100vw, 450px\" \/>It is a surgical procedure performed due to tearing or rupture of the cartilage tissue called meniscus.<br \/>\nPain: Pain caused by rupture or damage to the joint cushion is usually concentrated in the joint and increases during movements.<\/p>\n<p>&nbsp;<\/p>\n<p>&nbsp;<\/p>\n<h3>Types of Meniscus Surgery<\/h3>\n<p>It is a surgical procedure performed to repair or remove the menisci, which are soft tissue parts in the knee joint. It is usually performed on people with symptoms such as knee pain, tightness, or blockage.<br \/>\n<strong>meniscus surgery<\/strong> It can be done by several different methods, and which one is applied may vary depending on the patient&#039;s condition.<\/p>\n<p>The operation process attempts to repair the meniscus damage and return the knee joint to normal movement. The meniscus is removed and completely removed, leaving no structure that limits the movement of the knee joint.<\/p>\n<h4>Meniscus Surgery Recovery Time<\/h4>\n<p><img loading=\"lazy\" decoding=\"async\" class=\"size-full wp-image-2804 alignleft\" src=\"https:\/\/seckinbasilgan.com\/wp-content\/uploads\/2024\/08\/Meniskus-Ameliyati-iyilesme-sureci.jpg\" alt=\"Menisk\u00fcs Ameliyat\u0131 iyile\u015fme s\u00fcreci\" width=\"450\" height=\"310\" title=\"\" srcset=\"https:\/\/seckinbasilgan.com\/wp-content\/uploads\/2024\/08\/Meniskus-Ameliyati-iyilesme-sureci.jpg 450w, https:\/\/seckinbasilgan.com\/wp-content\/uploads\/2024\/08\/Meniskus-Ameliyati-iyilesme-sureci-300x207.jpg 300w, https:\/\/seckinbasilgan.com\/wp-content\/uploads\/2024\/08\/Meniskus-Ameliyati-iyilesme-sureci-18x12.jpg 18w\" sizes=\"auto, (max-width: 450px) 100vw, 450px\" \/>It is the process of removing or removing the soft tissues (menisci) on both sides of the knee joints. This procedure aims to eliminate burdens such as knee pain and reduced mobility. However <strong>meniscus surgery<\/strong> It is a surgical procedure and therefore the recovery process takes several weeks or months.<\/p>\n<\/div>\n\t\t<\/div><\/div><\/div><\/div><\/div><div class=\"tedavilersol wpb_column vc_column_container vc_col-sm-4\"><div class=\"vc_column-inner\"><div class=\"wpb_wrapper\"><div  class=\"wpb_widgetised_column wpb_content_element\">\n\t\t<div class=\"wpb_wrapper\">\n\t\t\t\n\t\t\t<div id=\"nav_menu-2\" class=\"widget widget_nav_menu\"><h3 class=\"widget-title\">T\u00fcm Tedaviler<\/h3><div class=\"menu-tedaviler-container\"><ul id=\"menu-tedaviler\" class=\"menu\"><li id=\"menu-item-455\" class=\"menu-item menu-item-type-post_type menu-item-object-page menu-item-455\"><a href=\"https:\/\/seckinbasilgan.com\/en\/hip-prosthesis\/\">Hip Prosthesis<\/a><\/li>\n<li id=\"menu-item-456\" class=\"menu-item menu-item-type-post_type menu-item-object-page menu-item-456\"><a href=\"https:\/\/seckinbasilgan.com\/en\/robotic-hip-prosthesis\/\">Robotic Hip Prosthesis<\/a><\/li>\n<li id=\"menu-item-457\" class=\"menu-item menu-item-type-post_type menu-item-object-page menu-item-457\"><a href=\"https:\/\/seckinbasilgan.com\/en\/knee-arthroplasty\/\">Knee arthroplasty<\/a><\/li>\n<li id=\"menu-item-458\" class=\"menu-item menu-item-type-post_type menu-item-object-page menu-item-458\"><a href=\"https:\/\/seckinbasilgan.com\/en\/robotic-knee-prosthesis\/\">Robotic Knee Prosthesis<\/a><\/li>\n<li id=\"menu-item-459\" class=\"menu-item menu-item-type-post_type menu-item-object-page menu-item-459\"><a href=\"https:\/\/seckinbasilgan.com\/en\/hip-arthritis\/\">Hip Calcification<\/a><\/li>\n<li id=\"menu-item-460\" class=\"menu-item menu-item-type-post_type menu-item-object-page menu-item-460\"><a href=\"https:\/\/seckinbasilgan.com\/en\/meniscus-surgery\/\">Meniscus Surgery<\/a><\/li>\n<li id=\"menu-item-461\" class=\"menu-item menu-item-type-post_type menu-item-object-page menu-item-461\"><a href=\"https:\/\/seckinbasilgan.com\/en\/osteoclasis\/\">Osteoclasis<\/a><\/li>\n<li id=\"menu-item-462\" class=\"menu-item menu-item-type-post_type menu-item-object-page menu-item-462\"><a href=\"https:\/\/seckinbasilgan.com\/en\/broken-dislocation\/\">Fracture &amp; Dislocation<\/a><\/li>\n<li id=\"menu-item-464\" class=\"menu-item menu-item-type-post_type menu-item-object-page menu-item-464\"><a href=\"https:\/\/seckinbasilgan.com\/en\/shoulder-diseases\/\">Shoulder Diseases<\/a><\/li>\n<li id=\"menu-item-463\" class=\"menu-item menu-item-type-post_type menu-item-object-page menu-item-463\"><a href=\"https:\/\/seckinbasilgan.com\/en\/knee-osteoarthritis\/\">Knee Calcification<\/a><\/li>\n<\/ul><\/div><\/div><div id=\"text-2\" class=\"widget widget_text\"><h3 class=\"widget-title\">Bilgi ve Randevu Formu<\/h3>\t\t\t<div class=\"textwidget\">\n<div class=\"wpcf7 no-js\" id=\"wpcf7-f379-o1\" lang=\"en-US\" dir=\"ltr\" data-wpcf7-id=\"379\">\n<div class=\"screen-reader-response\"><p role=\"status\" aria-live=\"polite\" aria-atomic=\"true\"><\/p> <ul><\/ul><\/div>\n<form action=\"\/en\/wp-json\/wp\/v2\/pages\/444#wpcf7-f379-o1\" method=\"post\" class=\"wpcf7-form init\" aria-label=\"contact form\" novalidate=\"novalidate\" data-status=\"init\" data-trp-original-action=\"\/en\/wp-json\/wp\/v2\/pages\/444#wpcf7-f379-o1\">\n<fieldset class=\"hidden-fields-container\"><input type=\"hidden\" name=\"_wpcf7\" value=\"379\" \/><input type=\"hidden\" name=\"_wpcf7_version\" value=\"6.1.5\" \/><input type=\"hidden\" name=\"_wpcf7_locale\" value=\"en_US\" \/><input type=\"hidden\" name=\"_wpcf7_unit_tag\" value=\"wpcf7-f379-o1\" \/><input type=\"hidden\" name=\"_wpcf7_container_post\" value=\"0\" \/><input type=\"hidden\" name=\"_wpcf7_posted_data_hash\" value=\"\" \/>\n<\/fieldset>\n<div class='contact-us'>\n\t<div class='row'>\n\t\t<div class='col-md-12 col-sm-12'>\n\t\t\t<p><span class=\"wpcf7-form-control-wrap\" data-name=\"isim\"><input size=\"40\" maxlength=\"400\" class=\"wpcf7-form-control wpcf7-text wpcf7-validates-as-required\" aria-required=\"true\" aria-invalid=\"false\" placeholder=\"Name surname\" value=\"\" type=\"text\" name=\"isim\" \/><\/span>\n\t\t\t<\/p>\n\t\t<\/div>\n\t\t<div class='col-md-12 col-sm-12'>\n\t\t\t<p><span class=\"wpcf7-form-control-wrap\" data-name=\"eposta\"><input size=\"40\" maxlength=\"400\" class=\"wpcf7-form-control wpcf7-text wpcf7-validates-as-required\" aria-required=\"true\" aria-invalid=\"false\" placeholder=\"E-mail\" value=\"\" type=\"text\" name=\"eposta\" \/><\/span>\n\t\t\t<\/p>\n\t\t<\/div>\n\t\t<div class='col-md-12 col-sm-12'>\n\t\t\t<p><span class=\"wpcf7-form-control-wrap\" data-name=\"your-subject\"><input size=\"40\" maxlength=\"400\" class=\"wpcf7-form-control wpcf7-text wpcf7-validates-as-required\" aria-required=\"true\" aria-invalid=\"false\" placeholder=\"Subject\" value=\"\" type=\"text\" name=\"your-subject\" \/><\/span>\n\t\t\t<\/p>\n\t\t<\/div>\n\t\t<div class='col-md-12 col-sm-12'>\n\t\t\t<p><span class=\"wpcf7-form-control-wrap\" data-name=\"telefon\"><input size=\"40\" maxlength=\"400\" class=\"wpcf7-form-control wpcf7-text wpcf7-validates-as-required\" aria-required=\"true\" aria-invalid=\"false\" placeholder=\"Telephone\" value=\"\" type=\"text\" name=\"telefon\" \/><\/span>\n\t\t\t<\/p>\n\t\t<\/div>\n\t\t<div class='col-md-12 col-sm-12'>\n\t\t\t<p><span class=\"wpcf7-form-control-wrap\" data-name=\"mesaj\"><textarea cols=\"40\" rows=\"10\" maxlength=\"2000\" class=\"wpcf7-form-control wpcf7-textarea\" aria-invalid=\"false\" placeholder=\"Message\" name=\"mesaj\"><\/textarea><\/span>\n\t\t\t<\/p>\n\t\t<\/div>\n\t\t<div class='col-md-12 col-sm-12'>\n\t\t\t<p><span class=\"wpcf7-form-control-wrap\" data-name=\"hcap-cf7\">\t\t<input\n\t\t\t\ttype=\"hidden\"\n\t\t\t\tclass=\"hcaptcha-widget-id\"\n\t\t\t\tname=\"hcaptcha-widget-id\"\n\t\t\t\tvalue=\"eyJzb3VyY2UiOlsiY29udGFjdC1mb3JtLTdcL3dwLWNvbnRhY3QtZm9ybS03LnBocCJdLCJmb3JtX2lkIjozNzl9-c2a978923c18c44aceb0c99428f0350f\">\n\t\t\t\t<span id=\"hcap_cf7-69f95e710fa572.47887665\" class=\"wpcf7-form-control h-captcha\"\n\t\t\tdata-sitekey=\"2844963e-d3e5-4439-ae8e-c326baed8273\"\n\t\t\tdata-theme=\"light\"\n\t\t\tdata-size=\"normal\"\n\t\t\tdata-auto=\"false\"\n\t\t\tdata-ajax=\"false\"\n\t\t\tdata-force=\"false\">\n\t\t<\/span>\n\t\t<input type=\"hidden\" id=\"_wpnonce\" name=\"_wpnonce\" value=\"77a25c5259\" \/><input type=\"hidden\" name=\"_wp_http_referer\" value=\"\/en\/wp-json\/wp\/v2\/pages\/444\" \/><\/span><input class=\"wpcf7-form-control wpcf7-submit has-spinner\" type=\"submit\" value=\"SEND\" \/>\n\t\t\t<\/p>\n\t\t<\/div>\n\t<\/div>\n<\/div><div class=\"wpcf7-response-output\" aria-hidden=\"true\"><\/div>\n<input type=\"hidden\" name=\"trp-form-language\" value=\"en\"\/><\/form>\n<\/div>\n\n<\/div>\n\t\t<\/div>\n\t\t<\/div>\n\t<\/div>\n<\/div><\/div><\/div><\/div><div class=\"vc_row wpb_row vc_row-fluid\"><div class=\"wpb_column vc_column_container vc_col-sm-12\"><div class=\"vc_column-inner\"><div class=\"wpb_wrapper\">\n\t<div class=\"wpb_raw_code wpb_content_element wpb_raw_html\" >\n\t\t<div class=\"wpb_wrapper\">\n\t\t\t<style>\nbody.no-content-padding .blog-section{padding-top:99px !important;}\n<\/style>\n\t\t<\/div>\n\t<\/div>\n<\/div><\/div><\/div><\/div>\n<\/section>","protected":false},"excerpt":{"rendered":"<p>Meniscus Surgery<\/p>\n<p>It is the process of repairing or removing the meniscus tissue in an individual&#039;s knee. Menisci are two soft tissues located in the knee joint and regulate the movements of the joint and protect the knee joint during movements. Meniscus surgery is usually performed to relieve symptoms caused by knee pain, such as pain, swelling, and limited movement.<\/p>\n<p>Meniscus Surgery Symptoms<\/p>\n<p>It is a surgical procedure performed due to tearing or rupture of the cartilage tissue called meniscus.<br \/>\nPain: Pain caused by rupture or damage to the joint cushion is usually concentrated in the joint and increases during movements.<\/p>\n<p>&nbsp;<\/p>\n<p>&nbsp;<\/p>\n<p>Types of Meniscus Surgery<\/p>\n<p>Located in the knee joint [\u2026]<\/p>","protected":false},"author":1,"featured_media":0,"parent":0,"menu_order":0,"comment_status":"closed","ping_status":"closed","template":"","meta":{"footnotes":""},"class_list":["post-444","page","type-page","status-publish","hentry"],"_links":{"self":[{"href":"https:\/\/seckinbasilgan.com\/en\/wp-json\/wp\/v2\/pages\/444","targetHints":{"allow":["GET"]}}],"collection":[{"href":"https:\/\/seckinbasilgan.com\/en\/wp-json\/wp\/v2\/pages"}],"about":[{"href":"https:\/\/seckinbasilgan.com\/en\/wp-json\/wp\/v2\/types\/page"}],"author":[{"embeddable":true,"href":"https:\/\/seckinbasilgan.com\/en\/wp-json\/wp\/v2\/users\/1"}],"replies":[{"embeddable":true,"href":"https:\/\/seckinbasilgan.com\/en\/wp-json\/wp\/v2\/comments?post=444"}],"version-history":[{"count":0,"href":"https:\/\/seckinbasilgan.com\/en\/wp-json\/wp\/v2\/pages\/444\/revisions"}],"wp:attachment":[{"href":"https:\/\/seckinbasilgan.com\/en\/wp-json\/wp\/v2\/media?parent=444"}],"curies":[{"name":"wp","href":"https:\/\/api.w.org\/{rel}","templated":true}]}}